{"id":6,"date":"2024-05-06T20:35:46","date_gmt":"2024-05-06T18:35:46","guid":{"rendered":"https:\/\/arcamendi.com\/?page_id=6"},"modified":"2025-09-23T18:43:51","modified_gmt":"2025-09-23T16:43:51","slug":"creez-votre-site-avec-des-blocs","status":"publish","type":"page","link":"https:\/\/www.arcamendi.com\/","title":{"rendered":"Triathlon Raid en \u00e9quipe"},"content":{"rendered":"\n<h2 class=\"wp-block-heading alignwide has-text-align-wide has-gigantic-font-size\" style=\"line-height:1.1\">#2 &#8211; Dune du Pyla \/\/ La Rhune &#8211; 6 Juin 2026<\/h2>\n\n\n\n<div style=\"height:100px\" aria-hidden=\"true\" class=\"wp-block-spacer\"><\/div>\n\n\n\n<div class=\"wp-block-columns alignwide are-vertically-aligned-center is-style-twentytwentyone-columns-overlap is-layout-flex wp-container-core-columns-is-layout-9d6595d7 wp-block-columns-is-layout-flex\">\n<div class=\"wp-block-column is-vertically-aligned-center is-layout-flow wp-block-column-is-layout-flow\">\n<figure class=\"wp-block-image alignfull size-large is-style-twentytwentyone-border\"><img loading=\"lazy\" decoding=\"async\" width=\"1024\" height=\"668\" src=\"http:\/\/www.arcamendi.com\/wp-content\/uploads\/2025\/07\/Arcamendi_photos-Marie-30-1024x668.jpeg\" alt=\"\" class=\"wp-image-182\" srcset=\"https:\/\/www.arcamendi.com\/wp-content\/uploads\/2025\/07\/Arcamendi_photos-Marie-30-1024x668.jpeg 1024w, https:\/\/www.arcamendi.com\/wp-content\/uploads\/2025\/07\/Arcamendi_photos-Marie-30-300x196.jpeg 300w, https:\/\/www.arcamendi.com\/wp-content\/uploads\/2025\/07\/Arcamendi_photos-Marie-30-768x501.jpeg 768w, https:\/\/www.arcamendi.com\/wp-content\/uploads\/2025\/07\/Arcamendi_photos-Marie-30-1536x1002.jpeg 1536w, https:\/\/www.arcamendi.com\/wp-content\/uploads\/2025\/07\/Arcamendi_photos-Marie-30-2048x1336.jpeg 2048w, https:\/\/www.arcamendi.com\/wp-content\/uploads\/2025\/07\/Arcamendi_photos-Marie-30-1568x1023.jpeg 1568w\" sizes=\"auto, (max-width: 1024px) 100vw, 1024px\" \/><\/figure>\n\n\n\n<div style=\"height:100px\" aria-hidden=\"true\" class=\"wp-block-spacer\"><\/div>\n<\/div>\n\n\n\n<div class=\"wp-block-column is-vertically-aligned-center is-layout-flow wp-block-column-is-layout-flow\">\n<figure class=\"wp-block-image size-large is-style-twentytwentyone-border\"><img loading=\"lazy\" decoding=\"async\" width=\"1024\" height=\"768\" src=\"http:\/\/www.arcamendi.com\/wp-content\/uploads\/2025\/07\/Arcamendi-Chapter-I-8-1024x768.jpeg\" alt=\"\" class=\"wp-image-177\" srcset=\"https:\/\/www.arcamendi.com\/wp-content\/uploads\/2025\/07\/Arcamendi-Chapter-I-8-1024x768.jpeg 1024w, https:\/\/www.arcamendi.com\/wp-content\/uploads\/2025\/07\/Arcamendi-Chapter-I-8-300x225.jpeg 300w, https:\/\/www.arcamendi.com\/wp-content\/uploads\/2025\/07\/Arcamendi-Chapter-I-8-768x576.jpeg 768w, https:\/\/www.arcamendi.com\/wp-content\/uploads\/2025\/07\/Arcamendi-Chapter-I-8-1536x1152.jpeg 1536w, https:\/\/www.arcamendi.com\/wp-content\/uploads\/2025\/07\/Arcamendi-Chapter-I-8-1568x1176.jpeg 1568w, https:\/\/www.arcamendi.com\/wp-content\/uploads\/2025\/07\/Arcamendi-Chapter-I-8.jpeg 1600w\" sizes=\"auto, (max-width: 1024px) 100vw, 1024px\" \/><\/figure>\n\n\n\n<div style=\"height:100px\" aria-hidden=\"true\" class=\"wp-block-spacer\"><\/div>\n\n\n\n<figure class=\"wp-block-image size-large is-resized alignfull size-full is-style-twentytwentyone-border\"><img loading=\"lazy\" decoding=\"async\" width=\"1024\" height=\"768\" src=\"https:\/\/arcamendi.com\/wp-content\/uploads\/2024\/06\/12-1024x768.jpg\" alt=\"\" class=\"wp-image-101\" style=\"width:625px;height:auto\" srcset=\"https:\/\/www.arcamendi.com\/wp-content\/uploads\/2024\/06\/12-1024x768.jpg 1024w, https:\/\/www.arcamendi.com\/wp-content\/uploads\/2024\/06\/12-300x225.jpg 300w, https:\/\/www.arcamendi.com\/wp-content\/uploads\/2024\/06\/12-768x576.jpg 768w, https:\/\/www.arcamendi.com\/wp-content\/uploads\/2024\/06\/12-1536x1152.jpg 1536w, https:\/\/www.arcamendi.com\/wp-content\/uploads\/2024\/06\/12-2048x1536.jpg 2048w, https:\/\/www.arcamendi.com\/wp-content\/uploads\/2024\/06\/12-1568x1176.jpg 1568w\" sizes=\"auto, (max-width: 1024px) 100vw, 1024px\" \/><\/figure>\n<\/div>\n<\/div>\n\n\n\n<div style=\"height:50px\" aria-hidden=\"true\" class=\"wp-block-spacer\"><\/div>\n\n\n\n<div class=\"wp-block-columns alignwide are-vertically-aligned-top is-layout-flex wp-container-core-columns-is-layout-9d6595d7 wp-block-columns-is-layout-flex\">\n<div class=\"wp-block-column is-vertically-aligned-top is-layout-flow wp-block-column-is-layout-flow\">\n<h3 class=\"wp-block-heading\">Natation &#8211; 7 km<\/h3>\n\n\n\n<p>Au programme 7km de natation sur le Bassin d&#8217;Arcachon avec un d\u00e9part de la Dune du Pyla pour rallier la Plage Pereire \u00e0 Arcachon.<\/p>\n\n\n\n<p>Bou\u00e9e de s\u00e9curit\u00e9 obligatoire, cagoule\/bonnet n\u00e9opr\u00e8ne conseill\u00e9.<\/p>\n\n\n\n<figure class=\"wp-block-image size-large\"><img loading=\"lazy\" decoding=\"async\" width=\"1024\" height=\"768\" src=\"https:\/\/www.arcamendi.com\/wp-content\/uploads\/2025\/07\/arca_00221-1024x768.jpeg\" alt=\"\" class=\"wp-image-185\" srcset=\"https:\/\/www.arcamendi.com\/wp-content\/uploads\/2025\/07\/arca_00221-1024x768.jpeg 1024w, https:\/\/www.arcamendi.com\/wp-content\/uploads\/2025\/07\/arca_00221-300x225.jpeg 300w, https:\/\/www.arcamendi.com\/wp-content\/uploads\/2025\/07\/arca_00221-768x576.jpeg 768w, https:\/\/www.arcamendi.com\/wp-content\/uploads\/2025\/07\/arca_00221-1536x1152.jpeg 1536w, https:\/\/www.arcamendi.com\/wp-content\/uploads\/2025\/07\/arca_00221-1568x1176.jpeg 1568w, https:\/\/www.arcamendi.com\/wp-content\/uploads\/2025\/07\/arca_00221.jpeg 2000w\" sizes=\"auto, (max-width: 1024px) 100vw, 1024px\" \/><\/figure>\n<\/div>\n\n\n\n<div class=\"wp-block-column is-vertically-aligned-top is-layout-flow wp-block-column-is-layout-flow\">\n<h3 class=\"wp-block-heading\">V\u00e9lo &#8211; 200 km<\/h3>\n\n\n\n<p>200km de v\u00e9lo pour aller jusqu&#8217;\u00e0 Sare ou chacun(e) pourra tracer son propre itin\u00e9raire selon son exp\u00e9rience, ses envies (en privil\u00e9giant par exemple la v\u00e9lodyss\u00e9e ou au contraire des portions plus roulantes). Checkpoints obligatoires \u00e0 St Girons Plage km105 et Col de St Ignace.<\/p>\n\n\n\n<figure class=\"wp-block-image size-large\"><img loading=\"lazy\" decoding=\"async\" width=\"1024\" height=\"768\" src=\"https:\/\/www.arcamendi.com\/wp-content\/uploads\/2025\/07\/arca_00139-1024x768.jpeg\" alt=\"\" class=\"wp-image-183\" srcset=\"https:\/\/www.arcamendi.com\/wp-content\/uploads\/2025\/07\/arca_00139-1024x768.jpeg 1024w, https:\/\/www.arcamendi.com\/wp-content\/uploads\/2025\/07\/arca_00139-300x225.jpeg 300w, https:\/\/www.arcamendi.com\/wp-content\/uploads\/2025\/07\/arca_00139-768x576.jpeg 768w, https:\/\/www.arcamendi.com\/wp-content\/uploads\/2025\/07\/arca_00139-1536x1152.jpeg 1536w, https:\/\/www.arcamendi.com\/wp-content\/uploads\/2025\/07\/arca_00139-2048x1536.jpeg 2048w, https:\/\/www.arcamendi.com\/wp-content\/uploads\/2025\/07\/arca_00139-1568x1176.jpeg 1568w\" sizes=\"auto, (max-width: 1024px) 100vw, 1024px\" \/><\/figure>\n<\/div>\n\n\n\n<div class=\"wp-block-column is-vertically-aligned-top is-layout-flow wp-block-column-is-layout-flow\">\n<h3 class=\"wp-block-heading\">Trail &#8211; 17 km<\/h3>\n\n\n\n<p>D\u00e9part trail depuis Sare avec un parcours simple mais efficace: gravir la Rhune et revenir au village pour une distance de 17km pour 1000m de d\u00e9nivel\u00e9 positif. Barri\u00e8res horaires en Zone T2 et Br\u00e8che d&#8217;Athekaleun. Ravitaillement au sommet de la Rhune.<\/p>\n\n\n\n<figure class=\"wp-block-image size-large\"><img loading=\"lazy\" decoding=\"async\" width=\"1024\" height=\"768\" src=\"https:\/\/www.arcamendi.com\/wp-content\/uploads\/2025\/07\/Arcamendi-Chapter-I-70-1024x768.jpeg\" alt=\"\" class=\"wp-image-184\" srcset=\"https:\/\/www.arcamendi.com\/wp-content\/uploads\/2025\/07\/Arcamendi-Chapter-I-70-1024x768.jpeg 1024w, https:\/\/www.arcamendi.com\/wp-content\/uploads\/2025\/07\/Arcamendi-Chapter-I-70-300x225.jpeg 300w, https:\/\/www.arcamendi.com\/wp-content\/uploads\/2025\/07\/Arcamendi-Chapter-I-70-768x576.jpeg 768w, https:\/\/www.arcamendi.com\/wp-content\/uploads\/2025\/07\/Arcamendi-Chapter-I-70-1536x1152.jpeg 1536w, https:\/\/www.arcamendi.com\/wp-content\/uploads\/2025\/07\/Arcamendi-Chapter-I-70-2048x1536.jpeg 2048w, https:\/\/www.arcamendi.com\/wp-content\/uploads\/2025\/07\/Arcamendi-Chapter-I-70-1568x1176.jpeg 1568w\" sizes=\"auto, (max-width: 1024px) 100vw, 1024px\" \/><\/figure>\n<\/div>\n<\/div>\n\n\n\n<p><\/p>\n","protected":false},"excerpt":{"rendered":"<p>#2 &#8211; Dune du Pyla \/\/ La Rhune &#8211; 6 Juin 2026 Natation &#8211; 7 km Au programme 7km de natation sur le Bassin d&#8217;Arcachon avec un d\u00e9part de la Dune du Pyla pour rallier la Plage Pereire \u00e0 Arcachon. Bou\u00e9e de s\u00e9curit\u00e9 obligatoire, cagoule\/bonnet n\u00e9opr\u00e8ne conseill\u00e9. V\u00e9lo &#8211; 200 km 200km de v\u00e9lo pour&hellip; <a class=\"more-link\" href=\"https:\/\/www.arcamendi.com\/\">Continue reading <span class=\"screen-reader-text\">Triathlon Raid en \u00e9quipe<\/span><\/a><\/p>\n","protected":false},"author":1,"featured_media":0,"parent":0,"menu_order":0,"comment_status":"closed","ping_status":"closed","template":"","meta":{"footnotes":""},"class_list":["post-6","page","type-page","status-publish","hentry","entry"],"_links":{"self":[{"href":"https:\/\/www.arcamendi.com\/index.php\/wp-json\/wp\/v2\/pages\/6","targetHints":{"allow":["GET"]}}],"collection":[{"href":"https:\/\/www.arcamendi.com\/index.php\/wp-json\/wp\/v2\/pages"}],"about":[{"href":"https:\/\/www.arcamendi.com\/index.php\/wp-json\/wp\/v2\/types\/page"}],"author":[{"embeddable":true,"href":"https:\/\/www.arcamendi.com\/index.php\/wp-json\/wp\/v2\/users\/1"}],"replies":[{"embeddable":true,"href":"https:\/\/www.arcamendi.com\/index.php\/wp-json\/wp\/v2\/comments?post=6"}],"version-history":[{"count":38,"href":"https:\/\/www.arcamendi.com\/index.php\/wp-json\/wp\/v2\/pages\/6\/revisions"}],"predecessor-version":[{"id":210,"href":"https:\/\/www.arcamendi.com\/index.php\/wp-json\/wp\/v2\/pages\/6\/revisions\/210"}],"wp:attachment":[{"href":"https:\/\/www.arcamendi.com\/index.php\/wp-json\/wp\/v2\/media?parent=6"}],"curies":[{"name":"wp","href":"https:\/\/api.w.org\/{rel}","templated":true}]}}