{"id":7,"date":"2024-05-06T20:35:46","date_gmt":"2024-05-06T18:35:46","guid":{"rendered":"https:\/\/arcamendi.com\/?page_id=7"},"modified":"2026-01-11T14:29:48","modified_gmt":"2026-01-11T13:29:48","slug":"a-propos-de","status":"publish","type":"page","link":"https:\/\/www.arcamendi.com\/index.php\/a-propos-de\/","title":{"rendered":"En savoir (+)"},"content":{"rendered":"\n<p>Le nom Arcamendi vient de la contraction entre Arcachon et Mendi (Montagne en Basque). Arcamendi n&#8217;est pas une course, c&#8217;est une aventure humaine et sportive. C&#8217;est l&#8217;entraide, l&#8217;esprit de camaderie et la sensibilisation au respect de sites naturels exceptionnels qui seront mis \u00e0 l&#8217;honneur. <\/p>\n\n\n\n<p>Ce challenge hors format consiste \u00e0 rejoindre la Rhune (via Sare) depuis La Dune du Pyla (Bassin d&#8217;Arcachon).<\/p>\n\n\n\n<figure class=\"wp-block-gallery has-nested-images columns-default is-cropped wp-block-gallery-1 is-layout-flex wp-block-gallery-is-layout-flex\">\n<figure class=\"wp-block-image size-large\"><img loading=\"lazy\" decoding=\"async\" width=\"1024\" height=\"768\" data-id=\"177\" src=\"http:\/\/www.arcamendi.com\/wp-content\/uploads\/2025\/07\/Arcamendi-Chapter-I-8-1024x768.jpeg\" alt=\"\" class=\"wp-image-177\" srcset=\"https:\/\/www.arcamendi.com\/wp-content\/uploads\/2025\/07\/Arcamendi-Chapter-I-8-1024x768.jpeg 1024w, https:\/\/www.arcamendi.com\/wp-content\/uploads\/2025\/07\/Arcamendi-Chapter-I-8-300x225.jpeg 300w, https:\/\/www.arcamendi.com\/wp-content\/uploads\/2025\/07\/Arcamendi-Chapter-I-8-768x576.jpeg 768w, https:\/\/www.arcamendi.com\/wp-content\/uploads\/2025\/07\/Arcamendi-Chapter-I-8-1536x1152.jpeg 1536w, https:\/\/www.arcamendi.com\/wp-content\/uploads\/2025\/07\/Arcamendi-Chapter-I-8-1568x1176.jpeg 1568w, https:\/\/www.arcamendi.com\/wp-content\/uploads\/2025\/07\/Arcamendi-Chapter-I-8.jpeg 1600w\" sizes=\"auto, (max-width: 1024px) 100vw, 1024px\" \/><\/figure>\n<\/figure>\n\n\n\n<p>Cette id\u00e9e un peu folle est n\u00e9e lors d&#8217;une soir\u00e9e apr\u00e8s un entrainement natation. Il aura fallu attendre 8 ann\u00e9es avant de la tester grandeur nature. L&#8217;\u00c9dition Z\u00e9ro s&#8217;est d\u00e9roul\u00e9e le 1er Juin 2024.<\/p>\n\n\n\n<figure class=\"wp-block-embed is-type-video is-provider-youtube wp-block-embed-youtube wp-embed-aspect-16-9 wp-has-aspect-ratio\"><div class=\"wp-block-embed__wrapper\">\n<iframe loading=\"lazy\" title=\"Arcamendi - Le film 2025\" width=\"750\" height=\"422\" src=\"https:\/\/www.youtube.com\/embed\/MoHXAi3JOaM?feature=oembed\" frameborder=\"0\" allow=\"accelerometer; autoplay; clipboard-write; encrypted-media; gyroscope; picture-in-picture; web-share\" referrerpolicy=\"strict-origin-when-cross-origin\" allowfullscreen><\/iframe>\n<\/div><\/figure>\n\n\n\n<p>Le challenge Arcamendi se d\u00e9cline selon plusieurs formules:<\/p>\n\n\n\n<ul class=\"wp-block-list\">\n<li>en solo + 1 Assistant suiveur<\/li>\n\n\n\n<li>en relais 3 Baroudeurs<\/li>\n<\/ul>\n\n\n\n<p>Le parcours<\/p>\n\n\n\n<ul class=\"wp-block-list\">\n<li>Natation: une partie natatoire cons\u00e9quente avec pas moins de 7km dans une eau de 13\u00b0C \u00e0 18\u00b0C<\/li>\n\n\n\n<li>Bike: Un parcours v\u00e9lo en autonomie ou chaque participant peut cr\u00e9er son itin\u00e9raire avec 2 checkpoints obligatoires<\/li>\n\n\n\n<li>Trail: Une boucle partant de Sare \u00e0 La Rhune avec environ 1040m de d+<\/li>\n<\/ul>\n","protected":false},"excerpt":{"rendered":"<p>Le nom Arcamendi vient de la contraction entre Arcachon et Mendi (Montagne en Basque). Arcamendi n&#8217;est pas une course, c&#8217;est une aventure humaine et sportive. C&#8217;est l&#8217;entraide, l&#8217;esprit de camaderie et la sensibilisation au respect de sites naturels exceptionnels qui seront mis \u00e0 l&#8217;honneur. Ce challenge hors format consiste \u00e0 rejoindre la Rhune (via Sare)&hellip; <a class=\"more-link\" href=\"https:\/\/www.arcamendi.com\/index.php\/a-propos-de\/\">Continue reading <span class=\"screen-reader-text\">En savoir (+)<\/span><\/a><\/p>\n","protected":false},"author":1,"featured_media":0,"parent":0,"menu_order":0,"comment_status":"closed","ping_status":"closed","template":"","meta":{"footnotes":""},"class_list":["post-7","page","type-page","status-publish","hentry","entry"],"_links":{"self":[{"href":"https:\/\/www.arcamendi.com\/index.php\/wp-json\/wp\/v2\/pages\/7","targetHints":{"allow":["GET"]}}],"collection":[{"href":"https:\/\/www.arcamendi.com\/index.php\/wp-json\/wp\/v2\/pages"}],"about":[{"href":"https:\/\/www.arcamendi.com\/index.php\/wp-json\/wp\/v2\/types\/page"}],"author":[{"embeddable":true,"href":"https:\/\/www.arcamendi.com\/index.php\/wp-json\/wp\/v2\/users\/1"}],"replies":[{"embeddable":true,"href":"https:\/\/www.arcamendi.com\/index.php\/wp-json\/wp\/v2\/comments?post=7"}],"version-history":[{"count":21,"href":"https:\/\/www.arcamendi.com\/index.php\/wp-json\/wp\/v2\/pages\/7\/revisions"}],"predecessor-version":[{"id":217,"href":"https:\/\/www.arcamendi.com\/index.php\/wp-json\/wp\/v2\/pages\/7\/revisions\/217"}],"wp:attachment":[{"href":"https:\/\/www.arcamendi.com\/index.php\/wp-json\/wp\/v2\/media?parent=7"}],"curies":[{"name":"wp","href":"https:\/\/api.w.org\/{rel}","templated":true}]}}