{"id":8,"date":"2024-05-06T20:35:46","date_gmt":"2024-05-06T18:35:46","guid":{"rendered":"https:\/\/arcamendi.com\/?page_id=8"},"modified":"2026-01-15T15:22:29","modified_gmt":"2026-01-15T14:22:29","slug":"contact","status":"publish","type":"page","link":"https:\/\/www.arcamendi.com\/index.php\/contact\/","title":{"rendered":"Inscriptions"},"content":{"rendered":"\n<p class=\"has-text-align-left\"><strong><mark style=\"background-color:#D1E4DD\" class=\"has-inline-color has-black-color\">ARCAMENDI 2026 est complet sur le Solo: vous pouvez nous envoyer une demande pour \u00eatre sur liste d&#8217;attente<\/mark><\/strong><\/p>\n\n\n\n<p><strong>Inscriptions sur invitation, parrainage ou candidature<\/strong><\/p>\n\n\n\n<p>Attention: nous limitons pour notre \u00e9dition #2 la jauge \u00e0 75 participants (solo et relais confondus): 51 solos et 8 \u00e9quipes de 3 en relais.<\/p>\n\n\n\n<figure class=\"wp-block-embed is-type-video is-provider-youtube wp-block-embed-youtube wp-embed-aspect-16-9 wp-has-aspect-ratio\"><div class=\"wp-block-embed__wrapper\">\n<iframe loading=\"lazy\" title=\"Arcamendi - Le film 2025\" width=\"750\" height=\"422\" src=\"https:\/\/www.youtube.com\/embed\/MoHXAi3JOaM?feature=oembed\" frameborder=\"0\" allow=\"accelerometer; autoplay; clipboard-write; encrypted-media; gyroscope; picture-in-picture; web-share\" referrerpolicy=\"strict-origin-when-cross-origin\" allowfullscreen><\/iframe>\n<\/div><\/figure>\n\n\n\n<p><strong><em>Exp\u00e9riences requises ou souhait\u00e9es pour la formule Solo: Finisher Triathlon Format XXL (Distance IM), Finisher \u00c9preuves Cyclo Gran Fondo<\/em><\/strong> <strong><em>&amp; Trail Montagne<\/em><\/strong> <em><strong>+ Attestation 5km natation<\/strong><\/em><\/p>\n\n\n\n<p><strong>Envoyez-nous votre candidature<\/strong>:<\/p>\n\n\n\n<ol class=\"wp-block-list\">\n<li>via le Formulaire de contact ci-dessous:<\/li>\n<\/ol>\n\n\n\n<div class=\"wpcf7 no-js\" id=\"wpcf7-f98-o1\" lang=\"en-US\" dir=\"ltr\">\n<div class=\"screen-reader-response\"><p role=\"status\" aria-live=\"polite\" aria-atomic=\"true\"><\/p> <ul><\/ul><\/div>\n<form action=\"\/index.php\/wp-json\/wp\/v2\/pages\/8#wpcf7-f98-o1\" method=\"post\" class=\"wpcf7-form init\" aria-label=\"Contact form\" novalidate=\"novalidate\" data-status=\"init\">\n<div style=\"display: none;\">\n<input type=\"hidden\" name=\"_wpcf7\" value=\"98\" \/>\n<input type=\"hidden\" name=\"_wpcf7_version\" value=\"5.9.5\" \/>\n<input type=\"hidden\" name=\"_wpcf7_locale\" value=\"en_US\" \/>\n<input type=\"hidden\" name=\"_wpcf7_unit_tag\" value=\"wpcf7-f98-o1\" \/>\n<input type=\"hidden\" name=\"_wpcf7_container_post\" value=\"0\" \/>\n<input type=\"hidden\" name=\"_wpcf7_posted_data_hash\" value=\"\" \/>\n<\/div>\n<p><label> Votre nom<br \/>\n<span class=\"wpcf7-form-control-wrap\" data-name=\"your-name\"><input size=\"40\" class=\"wpcf7-form-control wpcf7-text wpcf7-validates-as-required\" autocomplete=\"name\" aria-required=\"true\" aria-invalid=\"false\" value=\"\" type=\"text\" name=\"your-name\" \/><\/span> <\/label>\n<\/p>\n<p><label> Votre email<br \/>\n<span class=\"wpcf7-form-control-wrap\" data-name=\"your-email\"><input size=\"40\" class=\"wpcf7-form-control wpcf7-email wpcf7-validates-as-required wpcf7-text wpcf7-validates-as-email\" autocomplete=\"email\" aria-required=\"true\" aria-invalid=\"false\" value=\"\" type=\"email\" name=\"your-email\" \/><\/span> <\/label>\n<\/p>\n<p><label> Votre demande (candidature, sponsoring, partenariats...)<br \/>\n<span class=\"wpcf7-form-control-wrap\" data-name=\"your-subject\"><input size=\"40\" class=\"wpcf7-form-control wpcf7-text wpcf7-validates-as-required\" aria-required=\"true\" aria-invalid=\"false\" value=\"\" type=\"text\" name=\"your-subject\" \/><\/span> <\/label>\n<\/p>\n<p><label> Votre message (optional)<br \/>\n<span class=\"wpcf7-form-control-wrap\" data-name=\"your-message\"><textarea cols=\"40\" rows=\"10\" class=\"wpcf7-form-control wpcf7-textarea\" aria-invalid=\"false\" name=\"your-message\"><\/textarea><\/span> <\/label>\n<\/p>\n<p><input class=\"wpcf7-form-control wpcf7-submit has-spinner\" type=\"submit\" value=\"Submit\" \/>\n<\/p><div class=\"wpcf7-response-output\" aria-hidden=\"true\"><\/div>\n<\/form>\n<\/div>\n\n\n\n\n<p>      2. Ou tout simplement par mail \u00e0 contact[at]arcamendi.com <\/p>\n\n\n\n<p>En vous inscrivant, vous vous engagez \u00e0 nous envoyer une attestation r\u00e9cente (-1an) de nage en eau libre de 5km (trace GPS strava, garmin etc.) ou attestation 5km en piscine +attestation finisher triathlon format XXL ou Ultra<\/p>\n\n\n\n<p>Cliquez sur le logo Facebook pour rejoindre la page \u00e9v\u00e8nement et nous suivre sur les r\u00e9seaux<\/p>\n\n\n\n<figure class=\"wp-block-image size-full is-resized\"><a href=\"https:\/\/www.facebook.com\/events\/895914625412193\/?ref=newsfeed\"><img loading=\"lazy\" decoding=\"async\" width=\"903\" height=\"720\" src=\"https:\/\/arcamendi.com\/wp-content\/uploads\/2024\/05\/facebook-click.webp\" alt=\"\" class=\"wp-image-81\" style=\"width:146px;height:auto\" srcset=\"https:\/\/www.arcamendi.com\/wp-content\/uploads\/2024\/05\/facebook-click.webp 903w, https:\/\/www.arcamendi.com\/wp-content\/uploads\/2024\/05\/facebook-click-300x239.webp 300w, https:\/\/www.arcamendi.com\/wp-content\/uploads\/2024\/05\/facebook-click-768x612.webp 768w\" sizes=\"auto, (max-width: 903px) 100vw, 903px\" \/><\/a><\/figure>\n\n\n\n<p><\/p>\n\n\n\n<p><\/p>\n","protected":false},"excerpt":{"rendered":"<p>ARCAMENDI 2026 est complet sur le Solo: vous pouvez nous envoyer une demande pour \u00eatre sur liste d&#8217;attente Inscriptions sur invitation, parrainage ou candidature Attention: nous limitons pour notre \u00e9dition #2 la jauge \u00e0 75 participants (solo et relais confondus): 51 solos et 8 \u00e9quipes de 3 en relais. Exp\u00e9riences requises ou souhait\u00e9es pour la&hellip; <a class=\"more-link\" href=\"https:\/\/www.arcamendi.com\/index.php\/contact\/\">Continue reading <span class=\"screen-reader-text\">Inscriptions<\/span><\/a><\/p>\n","protected":false},"author":1,"featured_media":0,"parent":0,"menu_order":0,"comment_status":"closed","ping_status":"closed","template":"","meta":{"footnotes":""},"class_list":["post-8","page","type-page","status-publish","hentry","entry"],"_links":{"self":[{"href":"https:\/\/www.arcamendi.com\/index.php\/wp-json\/wp\/v2\/pages\/8","targetHints":{"allow":["GET"]}}],"collection":[{"href":"https:\/\/www.arcamendi.com\/index.php\/wp-json\/wp\/v2\/pages"}],"about":[{"href":"https:\/\/www.arcamendi.com\/index.php\/wp-json\/wp\/v2\/types\/page"}],"author":[{"embeddable":true,"href":"https:\/\/www.arcamendi.com\/index.php\/wp-json\/wp\/v2\/users\/1"}],"replies":[{"embeddable":true,"href":"https:\/\/www.arcamendi.com\/index.php\/wp-json\/wp\/v2\/comments?post=8"}],"version-history":[{"count":37,"href":"https:\/\/www.arcamendi.com\/index.php\/wp-json\/wp\/v2\/pages\/8\/revisions"}],"predecessor-version":[{"id":218,"href":"https:\/\/www.arcamendi.com\/index.php\/wp-json\/wp\/v2\/pages\/8\/revisions\/218"}],"wp:attachment":[{"href":"https:\/\/www.arcamendi.com\/index.php\/wp-json\/wp\/v2\/media?parent=8"}],"curies":[{"name":"wp","href":"https:\/\/api.w.org\/{rel}","templated":true}]}}